{"id":7928,"date":"2025-02-28T13:12:23","date_gmt":"2025-02-28T13:12:23","guid":{"rendered":"https:\/\/eduvibe.devsvibe.com\/main\/?page_id=7928"},"modified":"2025-06-03T14:46:12","modified_gmt":"2025-06-03T14:46:12","slug":"blog-grid-1","status":"publish","type":"page","link":"https:\/\/pc-africa.com\/index.php\/blog-grid-1\/","title":{"rendered":"Blog"},"content":{"rendered":"\t\t<div data-elementor-type=\"wp-page\" data-elementor-id=\"7928\" class=\"elementor elementor-7928\" data-elementor-post-type=\"page\">\n\t\t\t\t\t\t<section class=\"elementor-section elementor-top-section elementor-element elementor-element-666a1ff elementor-section-boxed elementor-section-height-default elementor-section-height-default\" data-id=\"666a1ff\" data-element_type=\"section\">\n\t\t\t\t\t\t<div class=\"elementor-container elementor-column-gap-extended\">\n\t\t\t\t\t<div class=\"elementor-column elementor-col-100 elementor-top-column elementor-element elementor-element-029adde\" data-id=\"029adde\" data-element_type=\"column\">\n\t\t\t<div class=\"elementor-widget-wrap elementor-element-populated\">\n\t\t\t\t\t\t<div class=\"elementor-element elementor-element-283e6c1 elementor-widget elementor-widget-eduvibe-post-one\" data-id=\"283e6c1\" data-element_type=\"widget\" data-widget_type=\"eduvibe-post-one.default\">\n\t\t\t\t<div class=\"elementor-widget-container\">\n\t\t\t\t\t<div class=\"eduvibe-blog-post eduvibe-post-one-wrapper eduvibe-post-one-style-1 eduvibe-post-one-grid eduvibe-row\"><div class=\"eduvibe-post-one-single-grid eduvibe-col-lg-4 eduvibe-col-md-6 eduvibe-col-sm-12\"><div class=\"edu-blog eduvibe-blog-post-1 radius-small\"><div class=\"inner\"><div class=\"thumbnail\"><a href=\"https:\/\/pc-africa.com\/index.php\/2025\/06\/03\/etudier-a-letranger-5-etapes-pour-bien-preparer-son-dossier\/\"><img decoding=\"async\" src=\"https:\/\/pc-africa.com\/wp-content\/uploads\/2025\/06\/les-etudiants-se-promenent-dans-la-cour-du-college-porte-un-sac-a-dos-et-des-blocs-notes-une-chemise-rose-un-gilet-et-un-cerceau-en-tricot-entoures-d-une-rue-de-la-ville-expriment-des-emotions-positives-590x430.jpg\" alt=\"Happy American student strolls in college yard carries rucksack and notepads weas pink shirt knitted vest and hoop surrounded by city street expresses positive emotions. Youth and lifestyle concept\" \/><\/a><\/div><div class=\"content\"><div class=\"status-group\"><span class=\"eduvibe-status status-05\"><i class=\"icon-price-tag-3-line\"><\/i><a href=\"https:\/\/pc-africa.com\/index.php\/category\/education-orientation-mobilite-internationale\/\">\u00c9ducation, orientation &amp; mobilit\u00e9 internationale<\/a><\/span><\/div><h5 class=\"title\"><a href=\"https:\/\/pc-africa.com\/index.php\/2025\/06\/03\/etudier-a-letranger-5-etapes-pour-bien-preparer-son-dossier\/\" class=\"post-link\">\u00c9tudier \u00e0 l\u2019\u00e9tranger : 5 \u00e9tapes pour bien pr\u00e9parer son dossier<\/a><\/h5><div class=\"blog-card-bottom\"><ul class=\"eduvibe-blog-meta\"><li><i class=\"icon-calendar-2-line\"><\/i>juin 3, 2025<\/li><\/ul><div class=\"read-more-btn\"><a class=\"btn-transparent\" href=\"https:\/\/pc-africa.com\/index.php\/2025\/06\/03\/etudier-a-letranger-5-etapes-pour-bien-preparer-son-dossier\/\">Voir Plus<i class=\"icon-arrow-right-line-right\"><\/i><\/a><\/div><\/div><\/div><\/div><\/div><\/div><div class=\"eduvibe-post-one-single-grid eduvibe-col-lg-4 eduvibe-col-md-6 eduvibe-col-sm-12\"><div class=\"edu-blog eduvibe-blog-post-1 radius-small\"><div class=\"inner\"><div class=\"thumbnail\"><a href=\"https:\/\/pc-africa.com\/index.php\/2025\/06\/02\/comment-construire-une-image-institutionnelle-forte-a-lere-du-numerique\/\"><img decoding=\"async\" src=\"https:\/\/pc-africa.com\/wp-content\/uploads\/2025\/06\/afro-americains-travaillant-dans-un-endroit-moderne-590x430.jpg\" alt=\"afro-americains-travaillant-dans-un-endroit-moderne\" \/><\/a><\/div><div class=\"content\"><div class=\"status-group\"><span class=\"eduvibe-status status-05\"><i class=\"icon-price-tag-3-line\"><\/i><a href=\"https:\/\/pc-africa.com\/index.php\/category\/communication-image-institutionnelle\/\">Communication &amp; Image institutionnelle<\/a><\/span><\/div><h5 class=\"title\"><a href=\"https:\/\/pc-africa.com\/index.php\/2025\/06\/02\/comment-construire-une-image-institutionnelle-forte-a-lere-du-numerique\/\" class=\"post-link\">Comment construire une image institutionnelle forte \u00e0 l\u2019\u00e8re du num\u00e9rique<\/a><\/h5><div class=\"blog-card-bottom\"><ul class=\"eduvibe-blog-meta\"><li><i class=\"icon-calendar-2-line\"><\/i>juin 2, 2025<\/li><\/ul><div class=\"read-more-btn\"><a class=\"btn-transparent\" href=\"https:\/\/pc-africa.com\/index.php\/2025\/06\/02\/comment-construire-une-image-institutionnelle-forte-a-lere-du-numerique\/\">Voir Plus<i class=\"icon-arrow-right-line-right\"><\/i><\/a><\/div><\/div><\/div><\/div><\/div><\/div><div class=\"eduvibe-post-one-single-grid eduvibe-col-lg-4 eduvibe-col-md-6 eduvibe-col-sm-12\"><div class=\"edu-blog eduvibe-blog-post-1 radius-small\"><div class=\"inner\"><div class=\"thumbnail\"><a href=\"https:\/\/pc-africa.com\/index.php\/2025\/06\/02\/5-domaines-ou-la-geomatique-change-la-donne\/\"><img decoding=\"async\" src=\"https:\/\/pc-africa.com\/wp-content\/uploads\/2023\/01\/groupe-etude-du-peuple-africain_23-2149156390-590x430.avif\" alt=\"groupe-etude-du-peuple-africain_23-2149156390\" \/><\/a><\/div><div class=\"content\"><div class=\"status-group\"><span class=\"eduvibe-status status-05\"><i class=\"icon-price-tag-3-line\"><\/i><a href=\"https:\/\/pc-africa.com\/index.php\/category\/geomatique-sig-cartographie\/\">G\u00e9omatique, SIG &amp; Cartographie<\/a><\/span><\/div><h5 class=\"title\"><a href=\"https:\/\/pc-africa.com\/index.php\/2025\/06\/02\/5-domaines-ou-la-geomatique-change-la-donne\/\" class=\"post-link\">5 domaines o\u00f9 la g\u00e9omatique change la donne<\/a><\/h5><div class=\"blog-card-bottom\"><ul class=\"eduvibe-blog-meta\"><li><i class=\"icon-calendar-2-line\"><\/i>juin 2, 2025<\/li><\/ul><div class=\"read-more-btn\"><a class=\"btn-transparent\" href=\"https:\/\/pc-africa.com\/index.php\/2025\/06\/02\/5-domaines-ou-la-geomatique-change-la-donne\/\">Voir Plus<i class=\"icon-arrow-right-line-right\"><\/i><\/a><\/div><\/div><\/div><\/div><\/div><\/div><div class=\"eduvibe-post-one-single-grid eduvibe-col-lg-4 eduvibe-col-md-6 eduvibe-col-sm-12\"><div class=\"edu-blog eduvibe-blog-post-1 radius-small\"><div class=\"inner\"><div class=\"thumbnail\"><a href=\"https:\/\/pc-africa.com\/index.php\/2025\/06\/02\/leadership-transformationnel-cle-de-succes-pour-les-leaders-modernes\/\"><img decoding=\"async\" src=\"https:\/\/pc-africa.com\/wp-content\/uploads\/2023\/02\/Sans-titre38-590x430.jpg\" alt=\"Sans-titre38\" \/><\/a><\/div><div class=\"content\"><div class=\"status-group\"><span class=\"eduvibe-status status-05\"><i class=\"icon-price-tag-3-line\"><\/i><a href=\"https:\/\/pc-africa.com\/index.php\/category\/gouvernance-strategie\/\">Gouvernance &amp; Strat\u00e9gie<\/a><\/span><\/div><h5 class=\"title\"><a href=\"https:\/\/pc-africa.com\/index.php\/2025\/06\/02\/leadership-transformationnel-cle-de-succes-pour-les-leaders-modernes\/\" class=\"post-link\">Leadership transformationnel : cl\u00e9 de succ\u00e8s pour les leaders modernes<\/a><\/h5><div class=\"blog-card-bottom\"><ul class=\"eduvibe-blog-meta\"><li><i class=\"icon-calendar-2-line\"><\/i>juin 2, 2025<\/li><\/ul><div class=\"read-more-btn\"><a class=\"btn-transparent\" href=\"https:\/\/pc-africa.com\/index.php\/2025\/06\/02\/leadership-transformationnel-cle-de-succes-pour-les-leaders-modernes\/\">Voir Plus<i class=\"icon-arrow-right-line-right\"><\/i><\/a><\/div><\/div><\/div><\/div><\/div><\/div><div class=\"eduvibe-post-one-single-grid eduvibe-col-lg-4 eduvibe-col-md-6 eduvibe-col-sm-12\"><div class=\"edu-blog eduvibe-blog-post-1 radius-small\"><div class=\"inner\"><div class=\"thumbnail\"><a href=\"https:\/\/pc-africa.com\/index.php\/2025\/06\/02\/intelligence-artificielle-menace-ou-opportunite-pour-les-metiers-de-demain\/\"><img decoding=\"async\" src=\"https:\/\/pc-africa.com\/wp-content\/uploads\/2025\/06\/gros-plan-image-de-programmeur-travaillant-a-son-bureau-dans-le-bureau-590x430.jpg\" alt=\"Freelance programmer\" \/><\/a><\/div><div class=\"content\"><div class=\"status-group\"><span class=\"eduvibe-status status-05\"><i class=\"icon-price-tag-3-line\"><\/i><a href=\"https:\/\/pc-africa.com\/index.php\/category\/informatique-ia-innovation\/\">Informatique, IA &amp; Innovation<\/a><\/span><\/div><h5 class=\"title\"><a href=\"https:\/\/pc-africa.com\/index.php\/2025\/06\/02\/intelligence-artificielle-menace-ou-opportunite-pour-les-metiers-de-demain\/\" class=\"post-link\">Intelligence artificielle : menace ou opportunit\u00e9 pour les m\u00e9tiers de demain ?<\/a><\/h5><div class=\"blog-card-bottom\"><ul class=\"eduvibe-blog-meta\"><li><i class=\"icon-calendar-2-line\"><\/i>juin 2, 2025<\/li><\/ul><div class=\"read-more-btn\"><a class=\"btn-transparent\" href=\"https:\/\/pc-africa.com\/index.php\/2025\/06\/02\/intelligence-artificielle-menace-ou-opportunite-pour-les-metiers-de-demain\/\">Voir Plus<i class=\"icon-arrow-right-line-right\"><\/i><\/a><\/div><\/div><\/div><\/div><\/div><\/div><div class=\"eduvibe-post-one-single-grid eduvibe-col-lg-4 eduvibe-col-md-6 eduvibe-col-sm-12\"><div class=\"edu-blog eduvibe-blog-post-1 radius-small\"><div class=\"inner\"><div class=\"thumbnail\"><a href=\"https:\/\/pc-africa.com\/index.php\/2025\/06\/01\/the-complete-web-developer-guideline-2023\/\"><img decoding=\"async\" src=\"https:\/\/pc-africa.com\/wp-content\/uploads\/2023\/02\/groupe-cinq-etudiants-africains-passant-du-temps-ensemble-campus-cour-universite-amis-afro-noirs-etudiant-theme-education_627829-6007-590x417.avif\" alt=\"groupe-cinq-etudiants-africains-passant-du-temps-ensemble-campus-cour-universite-amis-afro-noirs-etudiant-theme-education_627829-6007\" \/><\/a><\/div><div class=\"content\"><div class=\"status-group\"><span class=\"eduvibe-status status-05\"><i class=\"icon-price-tag-3-line\"><\/i><a href=\"https:\/\/pc-africa.com\/index.php\/category\/ressources-humaines-capital-humain\/\">Ressources humaines &amp; Capital humain<\/a><\/span><\/div><h5 class=\"title\"><a href=\"https:\/\/pc-africa.com\/index.php\/2025\/06\/01\/the-complete-web-developer-guideline-2023\/\" class=\"post-link\">5 comp\u00e9tences humaines que recherchent les employeurs en 2025<\/a><\/h5><div class=\"blog-card-bottom\"><ul class=\"eduvibe-blog-meta\"><li><i class=\"icon-calendar-2-line\"><\/i>juin 1, 2025<\/li><\/ul><div class=\"read-more-btn\"><a class=\"btn-transparent\" href=\"https:\/\/pc-africa.com\/index.php\/2025\/06\/01\/the-complete-web-developer-guideline-2023\/\">Voir Plus<i class=\"icon-arrow-right-line-right\"><\/i><\/a><\/div><\/div><\/div><\/div><\/div><\/div><\/div>\t\t\t\t<\/div>\n\t\t\t\t<\/div>\n\t\t\t\t\t<\/div>\n\t\t<\/div>\n\t\t\t\t\t<\/div>\n\t\t<\/section>\n\t\t\t\t<\/div>\n\t\t","protected":false},"excerpt":{"rendered":"<p>\u00c9ducation, orientation &amp; mobilit\u00e9 internationale \u00c9tudier \u00e0 l\u2019\u00e9tranger : 5 \u00e9tapes pour bien pr\u00e9parer son dossier juin 3, 2025 Voir&#8230;<\/p>\n","protected":false},"author":1,"featured_media":0,"parent":0,"menu_order":0,"comment_status":"closed","ping_status":"closed","template":"","meta":{"footnotes":""},"class_list":["post-7928","page","type-page","status-publish","hentry"],"_links":{"self":[{"href":"https:\/\/pc-africa.com\/index.php\/wp-json\/wp\/v2\/pages\/7928","targetHints":{"allow":["GET"]}}],"collection":[{"href":"https:\/\/pc-africa.com\/index.php\/wp-json\/wp\/v2\/pages"}],"about":[{"href":"https:\/\/pc-africa.com\/index.php\/wp-json\/wp\/v2\/types\/page"}],"author":[{"embeddable":true,"href":"https:\/\/pc-africa.com\/index.php\/wp-json\/wp\/v2\/users\/1"}],"replies":[{"embeddable":true,"href":"https:\/\/pc-africa.com\/index.php\/wp-json\/wp\/v2\/comments?post=7928"}],"version-history":[{"count":4,"href":"https:\/\/pc-africa.com\/index.php\/wp-json\/wp\/v2\/pages\/7928\/revisions"}],"predecessor-version":[{"id":9541,"href":"https:\/\/pc-africa.com\/index.php\/wp-json\/wp\/v2\/pages\/7928\/revisions\/9541"}],"wp:attachment":[{"href":"https:\/\/pc-africa.com\/index.php\/wp-json\/wp\/v2\/media?parent=7928"}],"curies":[{"name":"wp","href":"https:\/\/api.w.org\/{rel}","templated":true}]}}